{"id":67,"date":"2020-02-07T09:07:36","date_gmt":"2020-02-07T09:07:36","guid":{"rendered":"http:\/\/hermannrauhestiftung.de\/?page_id=67"},"modified":"2020-03-26T10:31:28","modified_gmt":"2020-03-26T10:31:28","slug":"mitwirkung","status":"publish","type":"page","link":"https:\/\/hermannrauhestiftung.de\/?page_id=67","title":{"rendered":"Mitwirkung"},"content":{"rendered":"\n<p>Die Projekte und Programme der Hermann Rauhe Stiftung k\u00f6nnen wir nur mit Ihrer Hilfe realisieren. Wenn Sie Kultur f\u00f6rdern m\u00f6chten, bieten wir Ihnen eine Reihe von M\u00f6glichkeiten:<\/p>\n\n\n\n<p>Die Projekte und Programme der Hermann Rauhe Stiftung k\u00f6nnen wir nur mit Ihrer Hilfe realisieren. Wenn Sie Kultur f\u00f6rdern m\u00f6chten, bieten wir Ihnen eine Reihe von M\u00f6glichkeiten:<\/p>\n\n\n\n<p>SPENDER&nbsp;erm\u00f6glichen mit ihrer Unterst\u00fctzung direkt die Umsetzung des satzungsgem\u00e4\u00dfen Zwecks der Stiftung \u2013 entweder flie\u00dft Ihre Spende in ein bestimmtes Projekt oder allgemein in das Programm der Stiftung.<\/p>\n\n\n\n<p>SPONSOREN&nbsp;\u00fcbernehmen als Unternehmen eine Projektpartnerschaft oder ein \u00fcbergreifendes Sponsoring f\u00fcr die Zwecke der&nbsp;Stiftung.<\/p>\n\n\n\n<p>ZUSTIFTUNGEN&nbsp;unterscheiden sich von anderen Formen der F\u00f6rderung durch die Art der Mittelvergabe. Das gestiftete Kapital wird nicht zeitnah vergeben, sondern langfristig angelegt. Nur aus den Ertr\u00e4gen werden Projekte umgesetzt. So hat eine Stiftung auf Dauer Bestand und Ihr Verm\u00f6gen dient noch lange den Zwecken, die Sie vorgesehen haben.<\/p>\n\n\n\n<p>STIFTUNGEN, von Ihnen unter dem Dach der Hermann Rauhe Stiftung gegr\u00fcndet, verringern den administrativen Aufwand f\u00fcr\u00a0Sie. Wenn Sie Ihre eigene treuh\u00e4nderische Stiftung gr\u00fcnden m\u00f6chten, informieren und beraten wir Sie gern pers\u00f6nlich.\u00a0<\/p>\n\n\n\n<p><a href=\"mailto:imke.liebing@online.de\">imke.liebing@online.de<\/a><\/p>\n","protected":false},"excerpt":{"rendered":"<p>Die Projekte und Programme der Hermann Rauhe Stiftung k\u00f6nnen wir nur mit Ihrer Hilfe realisieren. Wenn Sie Kultur f\u00f6rdern m\u00f6chten, bieten wir Ihnen eine Reihe von M\u00f6glichkeiten: Die Projekte und Programme der Hermann Rauhe Stiftung k\u00f6nnen wir nur mit Ihrer Hilfe realisieren. Wenn Sie Kultur f\u00f6rdern m\u00f6chten, bieten wir Ihnen eine Reihe von M\u00f6glichkeiten: SPENDER&nbsp;erm\u00f6glichen &hellip;<\/p>\n<p class=\"read-more\"> <a class=\"\" href=\"https:\/\/hermannrauhestiftung.de\/?page_id=67\"> <span class=\"screen-reader-text\">Mitwirkung<\/span> Weiterlesen &raquo;<\/a><\/p>\n","protected":false},"author":1,"featured_media":0,"parent":0,"menu_order":0,"comment_status":"closed","ping_status":"closed","template":"","meta":{"footnotes":""},"class_list":["post-67","page","type-page","status-publish","hentry"],"_links":{"self":[{"href":"https:\/\/hermannrauhestiftung.de\/index.php?rest_route=\/wp\/v2\/pages\/67"}],"collection":[{"href":"https:\/\/hermannrauhestiftung.de\/index.php?rest_route=\/wp\/v2\/pages"}],"about":[{"href":"https:\/\/hermannrauhestiftung.de\/index.php?rest_route=\/wp\/v2\/types\/page"}],"author":[{"embeddable":true,"href":"https:\/\/hermannrauhestiftung.de\/index.php?rest_route=\/wp\/v2\/users\/1"}],"replies":[{"embeddable":true,"href":"https:\/\/hermannrauhestiftung.de\/index.php?rest_route=%2Fwp%2Fv2%2Fcomments&post=67"}],"version-history":[{"count":7,"href":"https:\/\/hermannrauhestiftung.de\/index.php?rest_route=\/wp\/v2\/pages\/67\/revisions"}],"predecessor-version":[{"id":401,"href":"https:\/\/hermannrauhestiftung.de\/index.php?rest_route=\/wp\/v2\/pages\/67\/revisions\/401"}],"wp:attachment":[{"href":"https:\/\/hermannrauhestiftung.de\/index.php?rest_route=%2Fwp%2Fv2%2Fmedia&parent=67"}],"curies":[{"name":"wp","href":"https:\/\/api.w.org\/{rel}","templated":true}]}}