{"id":66,"date":"2020-02-07T09:07:36","date_gmt":"2020-02-07T09:07:36","guid":{"rendered":"http:\/\/hermannrauhestiftung.de\/?page_id=66"},"modified":"2020-08-25T12:05:31","modified_gmt":"2020-08-25T12:05:31","slug":"projekte","status":"publish","type":"page","link":"https:\/\/hermannrauhestiftung.de\/?page_id=66","title":{"rendered":"Projekte"},"content":{"rendered":"\t\t<div data-elementor-type=\"wp-page\" data-elementor-id=\"66\" class=\"elementor elementor-66\" data-elementor-settings=\"[]\">\n\t\t\t<div class=\"elementor-inner\">\n\t\t\t\t<div class=\"elementor-section-wrap\">\n\t\t\t\t\t\t\t<section class=\"elementor-element elementor-element-acf1eaa elementor-section-boxed elementor-section-height-default elementor-section-height-default elementor-section elementor-top-section\" data-id=\"acf1eaa\" data-element_type=\"section\">\n\t\t\t\t\t\t<div class=\"elementor-container elementor-column-gap-default\">\n\t\t\t\t<div class=\"elementor-row\">\n\t\t\t\t<div class=\"elementor-element elementor-element-0cc6e45 elementor-column elementor-col-100 elementor-top-column\" data-id=\"0cc6e45\" data-element_type=\"column\">\n\t\t\t<div class=\"elementor-column-wrap  elementor-element-populated\">\n\t\t\t\t\t<div class=\"elementor-widget-wrap\">\n\t\t\t\t<div class=\"elementor-element elementor-element-51eda9e elementor-widget elementor-widget-text-editor\" data-id=\"51eda9e\" data-element_type=\"widget\" data-widget_type=\"text-editor.default\">\n\t\t\t\t<div class=\"elementor-widget-container\">\n\t\t\t\t\t<div class=\"elementor-text-editor elementor-clearfix\"><p><span style=\"caret-color: #000000; color: #000000; font-family: -apple-system, BlinkMacSystemFont, 'Segoe UI', Roboto, Oxygen-Sans, Ubuntu, Cantarell, 'Helvetica Neue', sans-serif; font-size: 15px; font-style: normal; text-size-adjust: auto;\"><b>Ein auf die Zukunft ausgerichtetes Kulturmanagement braucht Anregungen\u00a0und Anst\u00f6\u00dfe aus Pilotprojekten. Deshalb stehen unsere Projekte im Mittelpunkt unserer\u00a0Arbeit.<\/b><\/span><\/p><\/div>\n\t\t\t\t<\/div>\n\t\t\t\t<\/div>\n\t\t\t\t\t\t<\/div>\n\t\t\t<\/div>\n\t\t<\/div>\n\t\t\t\t\t\t<\/div>\n\t\t\t<\/div>\n\t\t<\/section>\n\t\t\t\t<section class=\"elementor-element elementor-element-b8e11a2 elementor-section-boxed elementor-section-height-default elementor-section-height-default elementor-section elementor-top-section\" data-id=\"b8e11a2\" data-element_type=\"section\">\n\t\t\t\t\t\t<div class=\"elementor-container elementor-column-gap-default\">\n\t\t\t\t<div class=\"elementor-row\">\n\t\t\t\t<div class=\"elementor-element elementor-element-5ab2dc4 elementor-column elementor-col-100 elementor-top-column\" data-id=\"5ab2dc4\" data-element_type=\"column\">\n\t\t\t<div class=\"elementor-column-wrap  elementor-element-populated\">\n\t\t\t\t\t<div class=\"elementor-widget-wrap\">\n\t\t\t\t<div class=\"elementor-element elementor-element-a01cf48 elementor-widget elementor-widget-toggle\" data-id=\"a01cf48\" data-element_type=\"widget\" data-widget_type=\"toggle.default\">\n\t\t\t\t<div class=\"elementor-widget-container\">\n\t\t\t\t\t<div class=\"elementor-toggle\" role=\"tablist\">\n\t\t\t\t\t\t\t<div class=\"elementor-toggle-item\">\n\t\t\t\t\t<div id=\"elementor-tab-title-1671\" class=\"elementor-tab-title\" data-tab=\"1\" role=\"tab\" aria-controls=\"elementor-tab-content-1671\">\n\t\t\t\t\t\t\t\t\t\t\t\t<span class=\"elementor-toggle-icon elementor-toggle-icon-left\" aria-hidden=\"true\">\n\t\t\t\t\t\t\t\t\t\t\t\t\t\t\t<span class=\"elementor-toggle-icon-closed\"><i class=\"fas fa-caret-right\"><\/i><\/span>\n\t\t\t\t\t\t\t\t<span class=\"elementor-toggle-icon-opened\"><i class=\"elementor-toggle-icon-opened fas fa-caret-up\"><\/i><\/span>\n\t\t\t\t\t\t\t\t\t\t\t\t\t<\/span>\n\t\t\t\t\t\t\t\t\t\t\t\t<a href=\"\">Die \u201cfreiKartE\u201d \u2013 Einmalig in Deutschland<\/a>\n\t\t\t\t\t<\/div>\n\t\t\t\t\t<div id=\"elementor-tab-content-1671\" class=\"elementor-tab-content elementor-clearfix\" data-tab=\"1\" role=\"tabpanel\" aria-labelledby=\"elementor-tab-title-1671\"><p><img loading=\"lazy\" decoding=\"async\" class=\"alignnone wp-image-393\" src=\"http:\/\/hermannrauhestiftung.de\/wp-content\/uploads\/2020\/03\/IMG_3007-Kopie-1024x768-1-300x225.jpg\" alt=\"\" width=\"1000\" height=\"750\" srcset=\"https:\/\/hermannrauhestiftung.de\/wp-content\/uploads\/2020\/03\/IMG_3007-Kopie-1024x768-1-300x225.jpg 300w, https:\/\/hermannrauhestiftung.de\/wp-content\/uploads\/2020\/03\/IMG_3007-Kopie-1024x768-1-768x576.jpg 768w, https:\/\/hermannrauhestiftung.de\/wp-content\/uploads\/2020\/03\/IMG_3007-Kopie-1024x768-1.jpg 1024w\" sizes=\"(max-width: 1000px) 100vw, 1000px\" \/><\/p>\n<p><span style=\"color: #000000;\">Ein auf die Zukunft ausgerichtetes Kulturmanagement braucht Anregungen\u00a0und Anst\u00f6\u00dfe.<\/span><\/p>\n<p><span style=\"color: #000000;\">Das deutschlandweit einzigartige Projekt \u201eFreikarte\u201c wurde von der\u00a0<strong>Hermann Rauhe Stiftung<\/strong>\u00a0und einigen Studierenden der Hochschule f\u00fcr Musik und Theater Hamburg \u00a0mit anf\u00e4nglicher Unterst\u00fctzung der ZEITStiftung im Jahr 2010 erstmalig umgesetzt.<\/span><\/p>\n<p><span style=\"color: #000000;\">Weitere Unterst\u00fctzer waren von Anfang an die Allgemeinen Studierendenaussch\u00fcsse (Asten) der Universit\u00e4t Hamburg, der Hochschule f\u00fcr Angewandte Wissenschaften, weiteren Universit\u00e4ten und daneben eine Vielzahl Hamburger Kultureinrichtungen.<\/span><\/p>\n<p><span style=\"color: #000000;\">Neben dem Studienausweis und dem Semesterticket f\u00fcr Busse und Bahnen erhielten erstmals zum Wintersemester 2010\/11 alle 16 000 Studienanf\u00e4nger eine dritte Karte zum Studienbeginn: Die \u00a0\u201eFreikarte\u201c erm\u00f6glichte es ihnen, f\u00fcr 3 (heute 4) Monate\u00a0alle teilnehmenden Kultureinrichtungen der Stadt unentgeltlich und so oft sie wollten zu besuchen. Daneben wurden eine eigene Website<\/span> (<a href=\"http:\/\/www.meinefreikarte.de\/\">www.meinefreikarte.de<\/a>) <span style=\"color: #000000;\">sowie eine Facebookseite<\/span> (<a href=\"http:\/\/www.facebook.de\/meinefreikarte\">www.facebook.de\/meinefreikarte<\/a><span style=\"color: #000000;\">) zur Information der Studierenden eingerichtet.<\/span><\/p>\n<p><span style=\"color: #000000;\">Im Jahre 2020 ist die \u201eFreikarte\u201c zum 10. Mal erschienen, wird mittlerweile an \u00fcber 22 000 Erst- und Zweitsemester (auch in L\u00fcneburg) verteilt und\u00a0ist\u00a0seit einem Jahr sogar 4 Monate (Okt.- Jan.)\u00a0g\u00fcltig.<\/span><\/p>\n<p><span style=\"color: #000000;\">Mittlerweile beteiligen sich 21 Universit\u00e4ten, die besten 42 Hamburger Kultureinrichtungen\u00a0.\u00a0Die\u00a0Hamburger Sparkasse\u00a0hilft\u00a0bei Einzelprojekten.<\/span><\/p>\n<p><span style=\"color: #000000;\">Im November\u00a02012\u00a0ist\u00a0die Hermann Rauhe Stiftung die sechste Stiftung der\u00a0Stadt, die unter den \u00fcber 1400 Stiftungen in Hamburg mit dem\u00a0<strong>Hamburger Stifterpreis f\u00fcr die Freikarte<\/strong> ausgezeichnet wird. Der damalige 1. B\u00fcrgermeister Scholz \u00fcberreicht die hohe Auszeichnung der Stiftung pers\u00f6nlich im Rahmen eines gro\u00dfen Festaktes im Rathaus mit \u00fcber 900 G\u00e4sten.<\/span><\/p>\n<p><span style=\"color: #000000;\"><!-- wp:paragraph --><!-- \/wp:paragraph --><!-- wp:paragraph --><!-- \/wp:paragraph --><!-- wp:paragraph --><!-- \/wp:paragraph --><!-- wp:paragraph --><!-- \/wp:paragraph --><!-- wp:paragraph --><!-- \/wp:paragraph --><!-- wp:paragraph --><!-- \/wp:paragraph --><!-- wp:paragraph --><!-- \/wp:paragraph --><!-- wp:paragraph --><!-- \/wp:paragraph --><\/span><\/p>\n<p><span style=\"color: #000000;\">Heute ist die \u201eFreikarte\u201c das gr\u00f6\u00dfte operative Projekt der Hermann Rauhe Stiftung.<\/span><\/p><\/div>\n\t\t\t\t<\/div>\n\t\t\t\t\t\t\t<div class=\"elementor-toggle-item\">\n\t\t\t\t\t<div id=\"elementor-tab-title-1672\" class=\"elementor-tab-title\" data-tab=\"2\" role=\"tab\" aria-controls=\"elementor-tab-content-1672\">\n\t\t\t\t\t\t\t\t\t\t\t\t<span class=\"elementor-toggle-icon elementor-toggle-icon-left\" aria-hidden=\"true\">\n\t\t\t\t\t\t\t\t\t\t\t\t\t\t\t<span class=\"elementor-toggle-icon-closed\"><i class=\"fas fa-caret-right\"><\/i><\/span>\n\t\t\t\t\t\t\t\t<span class=\"elementor-toggle-icon-opened\"><i class=\"elementor-toggle-icon-opened fas fa-caret-up\"><\/i><\/span>\n\t\t\t\t\t\t\t\t\t\t\t\t\t<\/span>\n\t\t\t\t\t\t\t\t\t\t\t\t<a href=\"\">Hermann Rauhe-Reader<\/a>\n\t\t\t\t\t<\/div>\n\t\t\t\t\t<div id=\"elementor-tab-content-1672\" class=\"elementor-tab-content elementor-clearfix\" data-tab=\"2\" role=\"tabpanel\" aria-labelledby=\"elementor-tab-title-1672\"><figure id=\"attachment_307\" aria-describedby=\"caption-attachment-307\" style=\"width: 1000px\" class=\"wp-caption alignnone\"><img loading=\"lazy\" decoding=\"async\" class=\"wp-image-307\" src=\"http:\/\/hermannrauhestiftung.de\/wp-content\/uploads\/2020\/02\/9_hermann_rauhe_reader_bild1.jpg\" alt=\"\" width=\"1000\" height=\"595\" \/><figcaption id=\"caption-attachment-307\" class=\"wp-caption-text\">Der Hermann Rauhe-Reader \u00a9 Tom Zimmermann<\/figcaption><\/figure>\n<p><span style=\"color: #000000; font-family: -apple-system, system-ui, 'Segoe UI', Roboto, Oxygen-Sans, Ubuntu, Cantarell, 'Helvetica Neue', sans-serif; font-size: 15px; font-style: normal; font-weight: 400; white-space: pre-wrap;\">Der Hermann Rauhe-Reader greift als wissenschaftliche Publikationsreihe der Hermann Rauhe Stiftung aktuelle Themen des Kultur- und Medienmanagements auf und vertieft diese. Die Themenauswahl zeigt das breite Spektrum und die Vielfalt des Bereichs Kultur- und Medienmanagement aus verschiedensten Perspektiven. Um neue Impulse zu schaffen, werden vor allem innovative Aspekte und zukunftsgewandte Fragestellungen thematisiert und in regelm\u00e4\u00dfigem Turnus ver\u00f6ffentlicht. Der thematische Fokus greift dabei die F\u00f6rderschwerpunkte der Stiftung auf. Die Autoren der Artikel sind Experten aus den angesprochenen Themengebieten, wissenschaftliche Mitarbeiter und Studierende des Instituts KMM.<\/span><\/p><\/div>\n\t\t\t\t<\/div>\n\t\t\t\t\t\t\t<div class=\"elementor-toggle-item\">\n\t\t\t\t\t<div id=\"elementor-tab-title-1673\" class=\"elementor-tab-title\" data-tab=\"3\" role=\"tab\" aria-controls=\"elementor-tab-content-1673\">\n\t\t\t\t\t\t\t\t\t\t\t\t<span class=\"elementor-toggle-icon elementor-toggle-icon-left\" aria-hidden=\"true\">\n\t\t\t\t\t\t\t\t\t\t\t\t\t\t\t<span class=\"elementor-toggle-icon-closed\"><i class=\"fas fa-caret-right\"><\/i><\/span>\n\t\t\t\t\t\t\t\t<span class=\"elementor-toggle-icon-opened\"><i class=\"elementor-toggle-icon-opened fas fa-caret-up\"><\/i><\/span>\n\t\t\t\t\t\t\t\t\t\t\t\t\t<\/span>\n\t\t\t\t\t\t\t\t\t\t\t\t<a href=\"\">Weitblick<\/a>\n\t\t\t\t\t<\/div>\n\t\t\t\t\t<div id=\"elementor-tab-content-1673\" class=\"elementor-tab-content elementor-clearfix\" data-tab=\"3\" role=\"tabpanel\" aria-labelledby=\"elementor-tab-title-1673\"><figure id=\"attachment_309\" aria-describedby=\"caption-attachment-309\" style=\"width: 1000px\" class=\"wp-caption alignnone\"><img loading=\"lazy\" decoding=\"async\" class=\"wp-image-309\" src=\"http:\/\/hermannrauhestiftung.de\/wp-content\/uploads\/2020\/02\/6_weitblick_bild1.jpg\" alt=\"\" width=\"1000\" height=\"595\" \/><figcaption id=\"caption-attachment-309\" class=\"wp-caption-text\">Weitblick e.V.: gerechter Zugang zu Bildung<\/figcaption><\/figure>\n<p><!-- wp:paragraph --><\/p>\n<p><span style=\"color: #000000;\">Der gemeinn\u00fctzige Verein \u201eWeitblick\u201c bietet seit 2008 Studierenden aller Fachrichtungendie M\u00f6glichkeit, sich gesellschaftlich zu engagieren. Im Mittelpunkt der Arbeit des Vereins steht der Einsatz f\u00fcr einen gerechteren Zugang zu Bildung.<\/span><\/p>\n<p><span style=\"color: #000000;\"><!-- \/wp:paragraph --><!-- wp:paragraph --><\/span><\/p>\n<p><span style=\"color: #000000;\">Mit Unterst\u00fctzung der Hermann Rauhe Stiftung gr\u00fcndeten vier Studentinnen der HfMT Hamburg zum 3. Mai 2010 eine Hamburger Dependance des Vereins. Nach dem Motto \u201eVermitteln \u2013 F\u00f6rdern \u2013 Bilden\u201c konnte Weitblick Hamburg mit umgesetzten Projekten in Kambodscha, Ghana, Mexico und nat\u00fcrlich auch in Deutschland bereits wichtige Impulse in der Bildungslandschaft setzen.<\/span><\/p>\n<p><!-- \/wp:paragraph --><\/p><\/div>\n\t\t\t\t<\/div>\n\t\t\t\t\t\t\t<div class=\"elementor-toggle-item\">\n\t\t\t\t\t<div id=\"elementor-tab-title-1674\" class=\"elementor-tab-title\" data-tab=\"4\" role=\"tab\" aria-controls=\"elementor-tab-content-1674\">\n\t\t\t\t\t\t\t\t\t\t\t\t<span class=\"elementor-toggle-icon elementor-toggle-icon-left\" aria-hidden=\"true\">\n\t\t\t\t\t\t\t\t\t\t\t\t\t\t\t<span class=\"elementor-toggle-icon-closed\"><i class=\"fas fa-caret-right\"><\/i><\/span>\n\t\t\t\t\t\t\t\t<span class=\"elementor-toggle-icon-opened\"><i class=\"elementor-toggle-icon-opened fas fa-caret-up\"><\/i><\/span>\n\t\t\t\t\t\t\t\t\t\t\t\t\t<\/span>\n\t\t\t\t\t\t\t\t\t\t\t\t<a href=\"\">HfMT@Elbjazz<\/a>\n\t\t\t\t\t<\/div>\n\t\t\t\t\t<div id=\"elementor-tab-content-1674\" class=\"elementor-tab-content elementor-clearfix\" data-tab=\"4\" role=\"tabpanel\" aria-labelledby=\"elementor-tab-title-1674\"><p><span style=\"color: #000000; font-family: -apple-system, system-ui, 'Segoe UI', Roboto, Oxygen-Sans, Ubuntu, Cantarell, 'Helvetica Neue', sans-serif; font-size: 15px; font-style: normal; font-weight: 400; white-space: pre-wrap;\"><img loading=\"lazy\" decoding=\"async\" class=\"alignnone wp-image-304\" src=\"http:\/\/hermannrauhestiftung.de\/wp-content\/uploads\/2020\/02\/11_HfMT_elbjazz_bild1.jpg\" alt=\"\" width=\"1000\" height=\"595\" \/><\/span><\/p>\n<p><span style=\"color: #000000; font-family: -apple-system, system-ui, 'Segoe UI', Roboto, Oxygen-Sans, Ubuntu, Cantarell, 'Helvetica Neue', sans-serif; font-size: 15px; font-style: normal; font-weight: 400; white-space: pre-wrap;\">Die HfMT-B\u00fchne auf dem Elbjazz-Festival ist das Ergebnis des Zusammenspiels verschiedener Studienbereiche der Hochschule f\u00fcr Musik und Theater Hamburg. Die Hermann Rauhe Stiftung ist dabei F\u00f6rderer dieser interdisziplin\u00e4ren Kooperation. Eine studentischen Projektgruppe der HfMT Hamburg organisierte im Jahr 2010 die Kooperation mit dem Elbjazz-Festival. Seitdem ist die HfMT-B\u00fchne, auf der sich Studierende, Absolventen und Dozenten der verschiedenen Fachbereiche pr\u00e4sentieren, fester Bestandteil des etablierten und beliebten Jazz-Festivals.<\/span><\/p><\/div>\n\t\t\t\t<\/div>\n\t\t\t\t\t\t\t<div class=\"elementor-toggle-item\">\n\t\t\t\t\t<div id=\"elementor-tab-title-1675\" class=\"elementor-tab-title\" data-tab=\"5\" role=\"tab\" aria-controls=\"elementor-tab-content-1675\">\n\t\t\t\t\t\t\t\t\t\t\t\t<span class=\"elementor-toggle-icon elementor-toggle-icon-left\" aria-hidden=\"true\">\n\t\t\t\t\t\t\t\t\t\t\t\t\t\t\t<span class=\"elementor-toggle-icon-closed\"><i class=\"fas fa-caret-right\"><\/i><\/span>\n\t\t\t\t\t\t\t\t<span class=\"elementor-toggle-icon-opened\"><i class=\"elementor-toggle-icon-opened fas fa-caret-up\"><\/i><\/span>\n\t\t\t\t\t\t\t\t\t\t\t\t\t<\/span>\n\t\t\t\t\t\t\t\t\t\t\t\t<a href=\"\">UNESCO-Arbeitskonsultation f\u00fcr kulturelle Vielfalt<\/a>\n\t\t\t\t\t<\/div>\n\t\t\t\t\t<div id=\"elementor-tab-content-1675\" class=\"elementor-tab-content elementor-clearfix\" data-tab=\"5\" role=\"tabpanel\" aria-labelledby=\"elementor-tab-title-1675\"><p><span style=\"color: #000000;\">Im Mai 2010 richtete die Deutsche UNESCO-Kommission e.V. in Zusammenarbeit mit dem Institut KMM der Hamburger Hochschule f\u00fcr Musik und Theater gef\u00f6rdert durch die Hermann Rauhe Stiftung die 8. Arbeitskonsultation\u00a0der Bundesweiten Koalition f\u00fcr Kulturelle Vielfalt im Museum der Arbeit in Hamburg aus.<\/span><\/p>\n<p><span style=\"color: #000000;\"><!-- wp:paragraph --><!-- \/wp:paragraph --><!-- wp:paragraph --><!-- \/wp:paragraph --><\/span><\/p>\n<p><span style=\"color: #000000;\">Schwerpunkt der Konsultation lag auf den medienpolitischen Aspekten des UNESCO-Abkommens \u00fcber den Schutz und die\u00a0 F\u00f6rderung\u00a0der Vielfalt kultureller Ausdrucksformen aus dem Jahr 2005 sowie auf den Handlungsempfehlungen aus der Zivilgesellschaft\u00a0zur Umsetzung des UNESCO-\u00dcbereinkommens. \u00dcber 60 Experten aus den Bereichen Kultur, Medien, Politik und Wissenschaft\u00a0sprachen in einem \u201eWorld Cafe\u201c \u00fcber alle sechs thematischen Kapitel des Wei\u00dfbuchs \u201eKulturelle Vielfalt gestalten\u201c und lauschtem\u00a0dem Referat von Christine M. Merkel, Leiterin des Fachbereiches Kultur, Memory of the World der deutschen UNESCO-Kommission\u00a0sowie einer Podiumsdiskussion zur kulturellen Vielfalt in den Medien im Bucerius Kunst Forum.<\/span><\/p><\/div>\n\t\t\t\t<\/div>\n\t\t\t\t\t\t\t<div class=\"elementor-toggle-item\">\n\t\t\t\t\t<div id=\"elementor-tab-title-1676\" class=\"elementor-tab-title\" data-tab=\"6\" role=\"tab\" aria-controls=\"elementor-tab-content-1676\">\n\t\t\t\t\t\t\t\t\t\t\t\t<span class=\"elementor-toggle-icon elementor-toggle-icon-left\" aria-hidden=\"true\">\n\t\t\t\t\t\t\t\t\t\t\t\t\t\t\t<span class=\"elementor-toggle-icon-closed\"><i class=\"fas fa-caret-right\"><\/i><\/span>\n\t\t\t\t\t\t\t\t<span class=\"elementor-toggle-icon-opened\"><i class=\"elementor-toggle-icon-opened fas fa-caret-up\"><\/i><\/span>\n\t\t\t\t\t\t\t\t\t\t\t\t\t<\/span>\n\t\t\t\t\t\t\t\t\t\t\t\t<a href=\"\">100 Streifz\u00fcge \u2013 Private F\u00f6rderung im Hamburger Kulturleben<\/a>\n\t\t\t\t\t<\/div>\n\t\t\t\t\t<div id=\"elementor-tab-content-1676\" class=\"elementor-tab-content elementor-clearfix\" data-tab=\"6\" role=\"tabpanel\" aria-labelledby=\"elementor-tab-title-1676\"><figure id=\"attachment_299\" aria-describedby=\"caption-attachment-299\" style=\"width: 1000px\" class=\"wp-caption alignnone\"><img loading=\"lazy\" decoding=\"async\" class=\"wp-image-299\" src=\"http:\/\/hermannrauhestiftung.de\/wp-content\/uploads\/2020\/02\/13_100_streifzuege_bild1.jpg\" alt=\"\" width=\"1000\" height=\"595\" \/><figcaption id=\"caption-attachment-299\" class=\"wp-caption-text\">\u201e100 Streifz\u00fcge\u201c: private F\u00f6rderung von Kultur<\/figcaption><\/figure>\n<p><span style=\"color: #000000; font-family: -apple-system, system-ui, 'Segoe UI', Roboto, Oxygen-Sans, Ubuntu, Cantarell, 'Helvetica Neue', sans-serif; font-size: 15px; font-style: normal; font-weight: 400; white-space: pre-wrap;\">Dass neben \u00f6ffentlichen Kulturetats eine umfangreiche private F\u00f6rderung die facettenreiche Kultur Hamburgs erst m\u00f6glich macht, hat die Elsbeth Weichmann Gesellschaft in Kooperation mit der Hochschule f\u00fcr Musik und Theater Hamburg in einer Publikation dargestellt. \u201e100 Streifz\u00fcge \u2013 Private F\u00f6rderung im Hamburger Kulturleben\u201c ist im Oktober 2010 erschienen und gew\u00e4hrt auf 256 Seiten Einblicke in private F\u00f6rderinitiativen f\u00fcr Kultureinrichtungen. In Kooperation mit der Nordmetall Stiftung und der Handelskammer Hamburg hat auch die Hermann Rauhe Stiftung ma\u00dfgeblich zu der Ver\u00f6ffentlichung dieser Publikation beigetragen.<\/span><\/p><\/div>\n\t\t\t\t<\/div>\n\t\t\t\t\t\t\t<div class=\"elementor-toggle-item\">\n\t\t\t\t\t<div id=\"elementor-tab-title-1677\" class=\"elementor-tab-title\" data-tab=\"7\" role=\"tab\" aria-controls=\"elementor-tab-content-1677\">\n\t\t\t\t\t\t\t\t\t\t\t\t<span class=\"elementor-toggle-icon elementor-toggle-icon-left\" aria-hidden=\"true\">\n\t\t\t\t\t\t\t\t\t\t\t\t\t\t\t<span class=\"elementor-toggle-icon-closed\"><i class=\"fas fa-caret-right\"><\/i><\/span>\n\t\t\t\t\t\t\t\t<span class=\"elementor-toggle-icon-opened\"><i class=\"elementor-toggle-icon-opened fas fa-caret-up\"><\/i><\/span>\n\t\t\t\t\t\t\t\t\t\t\t\t\t<\/span>\n\t\t\t\t\t\t\t\t\t\t\t\t<a href=\"\">Rudolf Stilcken Preis<\/a>\n\t\t\t\t\t<\/div>\n\t\t\t\t\t<div id=\"elementor-tab-content-1677\" class=\"elementor-tab-content elementor-clearfix\" data-tab=\"7\" role=\"tabpanel\" aria-labelledby=\"elementor-tab-title-1677\"><p><span style=\"color: #000000; font-family: -apple-system, system-ui, 'Segoe UI', Roboto, Oxygen-Sans, Ubuntu, Cantarell, 'Helvetica Neue', sans-serif; font-size: 15px; font-style: normal; font-weight: 400; white-space: pre-wrap;\">Preis f\u00fcr Kulturkommunikation der einmal von der Hermann Rauhe Stiftung verliehen wurde. (2013-2014)<\/span><\/p><\/div>\n\t\t\t\t<\/div>\n\t\t\t\t\t<\/div>\n\t\t\t\t<\/div>\n\t\t\t\t<\/div>\n\t\t\t\t\t\t<\/div>\n\t\t\t<\/div>\n\t\t<\/div>\n\t\t\t\t\t\t<\/div>\n\t\t\t<\/div>\n\t\t<\/section>\n\t\t\t\t\t\t<\/div>\n\t\t\t<\/div>\n\t\t<\/div>\n\t\t","protected":false},"excerpt":{"rendered":"<p>Ein auf die Zukunft ausgerichtetes Kulturmanagement braucht Anregungen&nbsp;und Anst\u00f6\u00dfe aus Pilotprojekten. Deshalb stehen unsere Projekte im Mittelpunkt unserer&nbsp;Arbeit. Die \u201cfreiKartE\u201d \u2013 Einmalig in Deutschland Ein auf die Zukunft ausgerichtetes Kulturmanagement braucht Anregungen&nbsp;und Anst\u00f6\u00dfe. Das deutschlandweit einzigartige Projekt \u201eFreikarte\u201c wurde von der&nbsp;Hermann Rauhe Stiftung&nbsp;und einigen Studierenden der Hochschule f\u00fcr Musik und Theater Hamburg &nbsp;mit anf\u00e4nglicher Unterst\u00fctzung &hellip;<\/p>\n<p class=\"read-more\"> <a class=\"\" href=\"https:\/\/hermannrauhestiftung.de\/?page_id=66\"> <span class=\"screen-reader-text\">Projekte<\/span> Weiterlesen &raquo;<\/a><\/p>\n","protected":false},"author":1,"featured_media":0,"parent":0,"menu_order":0,"comment_status":"closed","ping_status":"closed","template":"","meta":{"footnotes":""},"class_list":["post-66","page","type-page","status-publish","hentry"],"_links":{"self":[{"href":"https:\/\/hermannrauhestiftung.de\/index.php?rest_route=\/wp\/v2\/pages\/66"}],"collection":[{"href":"https:\/\/hermannrauhestiftung.de\/index.php?rest_route=\/wp\/v2\/pages"}],"about":[{"href":"https:\/\/hermannrauhestiftung.de\/index.php?rest_route=\/wp\/v2\/types\/page"}],"author":[{"embeddable":true,"href":"https:\/\/hermannrauhestiftung.de\/index.php?rest_route=\/wp\/v2\/users\/1"}],"replies":[{"embeddable":true,"href":"https:\/\/hermannrauhestiftung.de\/index.php?rest_route=%2Fwp%2Fv2%2Fcomments&post=66"}],"version-history":[{"count":17,"href":"https:\/\/hermannrauhestiftung.de\/index.php?rest_route=\/wp\/v2\/pages\/66\/revisions"}],"predecessor-version":[{"id":453,"href":"https:\/\/hermannrauhestiftung.de\/index.php?rest_route=\/wp\/v2\/pages\/66\/revisions\/453"}],"wp:attachment":[{"href":"https:\/\/hermannrauhestiftung.de\/index.php?rest_route=%2Fwp%2Fv2%2Fmedia&parent=66"}],"curies":[{"name":"wp","href":"https:\/\/api.w.org\/{rel}","templated":true}]}}