{"id":224,"date":"2020-02-07T12:43:15","date_gmt":"2020-02-07T12:43:15","guid":{"rendered":"http:\/\/hermannrauhestiftung.de\/?page_id=224"},"modified":"2020-03-26T10:32:44","modified_gmt":"2020-03-26T10:32:44","slug":"sie-haben-eine-idee-ein-projekt-fragen-sie-uns","status":"publish","type":"page","link":"https:\/\/hermannrauhestiftung.de\/?page_id=224","title":{"rendered":"Sie haben eine Idee, ein Projekt: Fragen Sie uns!"},"content":{"rendered":"\n<p>Die Hermann Rauhe Stiftung f\u00f6rdert Projekte qualifizierter Antragsteller. Falls Sie an der F\u00f6rderung Ihres Projekts interessiert sind, schicken Sie uns bitte folgende Ausk\u00fcnfte per Email als PDF-Datei oder per Post:<\/p>\n\n\n\n<p>ANTRAGSTELLER&nbsp;(Person\/Institution, Rechtsform etc.)<br>PROJEKT&nbsp;(Gegenstand, Ziel, Zielgruppe etc.)<br>BUDGETPLANUNG.&nbsp;(Kosten, Finanzierung, Angabe von Antr\u00e4gen bei anderen Stiftungen etc.)<\/p>\n\n\n\n<p>Gern beraten wir Sie zur Antragstellung und beantworten Ihre Fragen. <\/p>\n\n\n\n<p><a href=\"mailto:imke.liebing@online.de\">imke.liebing@online.de<\/a><\/p>\n\n\n\n<p>Wir freuen uns auf Ihre Zuschrift!<\/p>\n","protected":false},"excerpt":{"rendered":"<p>Die Hermann Rauhe Stiftung f\u00f6rdert Projekte qualifizierter Antragsteller. Falls Sie an der F\u00f6rderung Ihres Projekts interessiert sind, schicken Sie uns bitte folgende Ausk\u00fcnfte per Email als PDF-Datei oder per Post: ANTRAGSTELLER&nbsp;(Person\/Institution, Rechtsform etc.)PROJEKT&nbsp;(Gegenstand, Ziel, Zielgruppe etc.)BUDGETPLANUNG.&nbsp;(Kosten, Finanzierung, Angabe von Antr\u00e4gen bei anderen Stiftungen etc.) Gern beraten wir Sie zur Antragstellung und beantworten Ihre Fragen. imke.liebing@online.de &hellip;<\/p>\n<p class=\"read-more\"> <a class=\"\" href=\"https:\/\/hermannrauhestiftung.de\/?page_id=224\"> <span class=\"screen-reader-text\">Sie haben eine Idee, ein Projekt: Fragen Sie uns!<\/span> Weiterlesen &raquo;<\/a><\/p>\n","protected":false},"author":1,"featured_media":0,"parent":0,"menu_order":0,"comment_status":"closed","ping_status":"closed","template":"","meta":{"footnotes":""},"class_list":["post-224","page","type-page","status-publish","hentry"],"_links":{"self":[{"href":"https:\/\/hermannrauhestiftung.de\/index.php?rest_route=\/wp\/v2\/pages\/224"}],"collection":[{"href":"https:\/\/hermannrauhestiftung.de\/index.php?rest_route=\/wp\/v2\/pages"}],"about":[{"href":"https:\/\/hermannrauhestiftung.de\/index.php?rest_route=\/wp\/v2\/types\/page"}],"author":[{"embeddable":true,"href":"https:\/\/hermannrauhestiftung.de\/index.php?rest_route=\/wp\/v2\/users\/1"}],"replies":[{"embeddable":true,"href":"https:\/\/hermannrauhestiftung.de\/index.php?rest_route=%2Fwp%2Fv2%2Fcomments&post=224"}],"version-history":[{"count":4,"href":"https:\/\/hermannrauhestiftung.de\/index.php?rest_route=\/wp\/v2\/pages\/224\/revisions"}],"predecessor-version":[{"id":403,"href":"https:\/\/hermannrauhestiftung.de\/index.php?rest_route=\/wp\/v2\/pages\/224\/revisions\/403"}],"wp:attachment":[{"href":"https:\/\/hermannrauhestiftung.de\/index.php?rest_route=%2Fwp%2Fv2%2Fmedia&parent=224"}],"curies":[{"name":"wp","href":"https:\/\/api.w.org\/{rel}","templated":true}]}}