{"id":141,"date":"2020-02-07T11:14:14","date_gmt":"2020-02-07T11:14:14","guid":{"rendered":"http:\/\/hermannrauhestiftung.de\/?page_id=141"},"modified":"2020-02-07T12:23:10","modified_gmt":"2020-02-07T12:23:10","slug":"wie-alles-begann-2","status":"publish","type":"page","link":"https:\/\/hermannrauhestiftung.de\/?page_id=141","title":{"rendered":"Wie alles begann"},"content":{"rendered":"\n<p>Prof. Dr. Dr. h.c. Hermann Rauhe ist Musikwissenschaftler, Musikmanager und Musikp\u00e4dagoge. Die Verdienste seiner Karriere\u00a0beweisen jedoch Innovationsbereitschaft und ein ganzheitliches Denken, das sich nicht auf Genres oder Branchen beschr\u00e4nkt. Von\u00a01978 bis 2004 war Hermann Rauhe Pr\u00e4sident der Hamburger Hochschule f\u00fcr Musik und Theater. W\u00e4hrend seiner aktiven Zeit bem\u00fchte\u00a0er sich nicht nur um weitere Fortschritte in der Entwicklung neuer Methoden der Musiktherapie. Er erkannte auch, dass sich\u00a0so vermeintlich verschiedene Bereiche wie Kultur und Management durchaus gegenseitig zutr\u00e4glich sein k\u00f6nnen. W\u00e4hrend seiner\u00a0T\u00e4tigkeit als Pr\u00e4sident gr\u00fcndete Hermann Rauhe aus diesem Impuls heraus 1987 den Erg\u00e4nzungsstudiengang Kulturmanagement\u00a0als ersten seiner Art in Deutschland.<\/p>\n","protected":false},"excerpt":{"rendered":"<p>Prof. Dr. Dr. h.c. Hermann Rauhe ist Musikwissenschaftler, Musikmanager und Musikp\u00e4dagoge. Die Verdienste seiner Karriere\u00a0beweisen jedoch Innovationsbereitschaft und ein ganzheitliches Denken, das sich nicht auf Genres oder Branchen beschr\u00e4nkt. Von\u00a01978 bis 2004 war Hermann Rauhe Pr\u00e4sident der Hamburger Hochschule f\u00fcr Musik und Theater. W\u00e4hrend seiner aktiven Zeit bem\u00fchte\u00a0er sich nicht nur um weitere Fortschritte in &hellip;<\/p>\n<p class=\"read-more\"> <a class=\"\" href=\"https:\/\/hermannrauhestiftung.de\/?page_id=141\"> <span class=\"screen-reader-text\">Wie alles begann<\/span> Weiterlesen &raquo;<\/a><\/p>\n","protected":false},"author":1,"featured_media":0,"parent":0,"menu_order":0,"comment_status":"closed","ping_status":"closed","template":"","meta":{"footnotes":""},"class_list":["post-141","page","type-page","status-publish","hentry"],"_links":{"self":[{"href":"https:\/\/hermannrauhestiftung.de\/index.php?rest_route=\/wp\/v2\/pages\/141"}],"collection":[{"href":"https:\/\/hermannrauhestiftung.de\/index.php?rest_route=\/wp\/v2\/pages"}],"about":[{"href":"https:\/\/hermannrauhestiftung.de\/index.php?rest_route=\/wp\/v2\/types\/page"}],"author":[{"embeddable":true,"href":"https:\/\/hermannrauhestiftung.de\/index.php?rest_route=\/wp\/v2\/users\/1"}],"replies":[{"embeddable":true,"href":"https:\/\/hermannrauhestiftung.de\/index.php?rest_route=%2Fwp%2Fv2%2Fcomments&post=141"}],"version-history":[{"count":3,"href":"https:\/\/hermannrauhestiftung.de\/index.php?rest_route=\/wp\/v2\/pages\/141\/revisions"}],"predecessor-version":[{"id":186,"href":"https:\/\/hermannrauhestiftung.de\/index.php?rest_route=\/wp\/v2\/pages\/141\/revisions\/186"}],"wp:attachment":[{"href":"https:\/\/hermannrauhestiftung.de\/index.php?rest_route=%2Fwp%2Fv2%2Fmedia&parent=141"}],"curies":[{"name":"wp","href":"https:\/\/api.w.org\/{rel}","templated":true}]}}