{"id":140,"date":"2020-02-07T11:14:14","date_gmt":"2020-02-07T11:14:14","guid":{"rendered":"http:\/\/hermannrauhestiftung.de\/?page_id=140"},"modified":"2020-03-26T15:00:04","modified_gmt":"2020-03-26T15:00:04","slug":"vorstand-kuratorium","status":"publish","type":"page","link":"https:\/\/hermannrauhestiftung.de\/?page_id=140","title":{"rendered":"Vorstand &#038; Kuratorium"},"content":{"rendered":"\n<figure class=\"wp-block-image is-resized\"><img loading=\"lazy\" decoding=\"async\" src=\"http:\/\/hermannrauhestiftung.de\/wp-content\/uploads\/2020\/02\/5_vorstand_und_kuratorium_hermann_rauhe.jpg\" alt=\"\" class=\"wp-image-265\" width=\"132\" height=\"199\"\/><\/figure>\n\n\n\n<p><strong>Prof. Dr. Dr. h.c. Hermann Rauhe<\/strong><br>Namensgeber und Vorstand der Hermann Rauhe Stiftung<\/p>\n\n\n\n<p>Prof. Dr. Dr. h.c. Hermann Rauhe studierte Musik und Musikp\u00e4dagogik an der Hochschule f\u00fcr Musik sowie Musik- und Literaturwissenschaft, Erziehungswissenschaft, Philosophie, Soziologie, Theologie und Phonetik an der Universit\u00e4t Hamburg. 1965 erhielt er eine Professur f\u00fcr Musikwissenschaft und Musikp\u00e4dagogik an der Hochschule f\u00fcr Musik und Theater Hamburg. 13 Jahre sp\u00e4ter, im Jahre 1978, wurde Hermann Rauhe zum Pr\u00e4sidenten der Hochschule gew\u00e4hlt. Dieses Amt bekleidete er 26 Jahre lang. W\u00e4hrend seiner T\u00e4tigkeit gr\u00fcndete er, neben vielen anderen Initiativen, den Erg\u00e4nzungsstudiengang Kulturmanagement. F\u00fcr seine Errungenschaften wurden ihm die Titel des Ehrenpr\u00e4sidenten und des Ehrendoktors der Hochschule f\u00fcr Musik und Theater Hamburg verliehen. Er ist Tr\u00e4ger des Bundesverdienstkreuzes 1. Klasse und emeritierter Ordinarius der Universit\u00e4t Hamburg.<\/p>\n\n\n\n<hr class=\"wp-block-separator is-style-wide\"\/>\n\n\n\n<figure class=\"wp-block-image is-resized\"><img loading=\"lazy\" decoding=\"async\" src=\"http:\/\/hermannrauhestiftung.de\/wp-content\/uploads\/2020\/02\/imke_liebing.jpg\" alt=\"\" class=\"wp-image-266\" width=\"132\" height=\"199\"\/><\/figure>\n\n\n\n<p><strong>Imke Liebing<\/strong><br>Vorsitzende des Vorstands<\/p>\n\n\n\n<p>Imke Liebing, * 1959 in Celle, studierte Klassische Philologie, Geschichte, Erziehungswissenschaften und Franz\u00f6sisch an den Universit\u00e4ten in M\u00fcnster, Wien, Paris und Freiburg i.Br. Sie schloss ihre Ausbildung mit dem 2. Staatsexamen in L\u00fcneburg ab. Nach einigen Jahren zog sie sich zugunsten ihrer Familie mit drei Kindern aus dem aktiven Schuldienst zur\u00fcck und engagiert sich in verschiedenen Ehren\u00e4mtern. Seit 2014 ist sie Stifterin und Vorsitzende der Hermann Rauhe Stiftung.<\/p>\n\n\n\n<hr class=\"wp-block-separator is-style-wide\"\/>\n\n\n\n<figure class=\"wp-block-image is-resized\"><img loading=\"lazy\" decoding=\"async\" src=\"http:\/\/hermannrauhestiftung.de\/wp-content\/uploads\/2020\/02\/5_vorstand_und_kuratorium_christoph_meier_miem.jpg\" alt=\"\" class=\"wp-image-267\" width=\"132\" height=\"199\"\/><\/figure>\n\n\n\n<p><strong>Prof. Christoph Meier-Siem<\/strong><br>Gr\u00fcndungsmitglied und stellv. Vorsitzender des Vorstands<\/p>\n\n\n\n<p>Prof. Christoph Meier-Siem studierte Anglistik und Germanistik in Hamburg, Wien und London. 1978 gr\u00fcndete er die PR-Agentur T&amp;M Presseb\u00fcro, sowie den T&amp;M Verlag, der 1986 erstmals das Magazin Kino News ver\u00f6ffentlichte. 1987 folgte die Gr\u00fcndung der Cleopatra Produktions GmbH und 1989 die Er\u00f6ffnung des T&amp;M Verlags in Wien. Christoph Meier-Siem ver\u00f6ffentlichte bereits diverse B\u00fccher und ist seit dem Jahr 2000 Dozent am Institut f\u00fcr Kultur- und Medienmanagement in Hamburg. Er ist Gr\u00fcndungsstifter der Hermann Rauhe Stiftung und der Hansen\/Meier-Siem-Stiftung f\u00fcr die Theaterakademie an der Hochschule f\u00fcr Musik und Theater Hamburg. Seit 2008 geh\u00f6rt er zum Verlegerbeirat der Wochenzeitung Der Freitag.<\/p>\n\n\n\n<hr class=\"wp-block-separator is-style-wide\"\/>\n\n\n\n<figure class=\"wp-block-image is-resized\"><img loading=\"lazy\" decoding=\"async\" src=\"http:\/\/hermannrauhestiftung.de\/wp-content\/uploads\/2020\/02\/Rainer_Maria_Weiss-1.jpg\" alt=\"\" class=\"wp-image-268\" width=\"132\" height=\"199\"\/><\/figure>\n\n\n\n<p><strong>Prof. Dr. Rainer-Maria Weiss<\/strong><br>Vorstandsmitglied<\/p>\n\n\n\n<p>Prof. Dr. Rainer-Maria Weiss studierte Vor- und Fr\u00fchgeschichte sowie Kunstgeschichte in Regensburg.1990 begann er seine berufliche Laufbahn am Bayrischen Landesamt f\u00fcr Denkmalpflege in Regensburg. 1991 wechselte er an das Museum f\u00fcr Vor- und Fr\u00fchgeschichte nach Berlin. Nach weiteren Stationen in der Denkmalpflege in Berlin und Bayern sowie am G\u00e4ubodenmuseum in Straubing wurde er 2001 am Berliner Museum f\u00fcr Vor- und Fr\u00fchgeschichte zum Kustos ernannt.<br>Seit 2003 ist Prof. Dr. Weiss Direktor des Arch\u00e4ologischen Museums Hamburg und Landesarch\u00e4ologe von Hamburg.<\/p>\n\n\n\n<hr class=\"wp-block-separator is-style-wide\"\/>\n\n\n\n<figure class=\"wp-block-image\"><img loading=\"lazy\" decoding=\"async\" width=\"132\" height=\"199\" src=\"http:\/\/hermannrauhestiftung.de\/wp-content\/uploads\/2020\/02\/Unbenannt-1111.jpg\" alt=\"\" class=\"wp-image-317\"\/><\/figure>\n\n\n\n<p><strong>Bartholl Carsten<\/strong><br>Vorstandsmitglied<\/p>\n\n\n\n<p>Carsten Bartholl, Jahrgang 1964 ist seit vielen Jahren Rechtsanwalt in der internationalen Rechtsanwaltssoziet\u00e4t Taylor Wessing. Er leitet dort verantwortlich den Industriebereich \u201eErneuerbare Energien\/Klimawandel\u201c. Dar\u00fcber hinaus ber\u00e4t er Unternehmen und Kreative im gesamten Bereich der Medienwirtschaft.<\/p>\n\n\n\n<hr class=\"wp-block-separator is-style-wide\"\/>\n\n\n\n<figure class=\"wp-block-image\"><img loading=\"lazy\" decoding=\"async\" width=\"132\" height=\"199\" src=\"http:\/\/hermannrauhestiftung.de\/wp-content\/uploads\/2020\/02\/aaaUnbenannt-1.jpg\" alt=\"\" class=\"wp-image-318\"\/><\/figure>\n\n\n\n<p><strong>Thomas Rainsborough<\/strong><br>Vorsitzender des Kuratoriums<\/p>\n\n\n\n<p>Diplomkaufmann Thomas Rainsborough ist Deutscher, Englischer und Schweizer Staatsb\u00fcrger. Er ist Immobilienentwickler und Mitgr\u00fcnder eines erfolgreichen Reiseb\u00fcros. Der aktive Kunstkenner und -Sammler&nbsp;ist seit 2019 Vorsitzender des Kuratoriums der Hermann Rauhe Stiftung.<\/p>\n\n\n\n<hr class=\"wp-block-separator is-style-wide\"\/>\n\n\n\n<figure class=\"wp-block-image\"><img loading=\"lazy\" decoding=\"async\" width=\"132\" height=\"199\" src=\"http:\/\/hermannrauhestiftung.de\/wp-content\/uploads\/2020\/02\/Unbenannt-1dddd.jpg\" alt=\"\" class=\"wp-image-319\"\/><\/figure>\n\n\n\n<p><strong>Prof. Dr. med. E. Sebastian Debus<br><\/strong>Kuratoriumsmitglied<\/p>\n\n\n\n<p>Univ.-Prof. Dr. med. Eike Sebastian Debus, geboren am 16. Mai 1962 in Marburg\/Lahn.&nbsp;Verheiratet, vier&nbsp;Kinder. Nach Abschluss der Schulbildung&nbsp;in Groningen\/NL, Marburg und Kiel,&nbsp;zun\u00e4chstMusikstudium an der&nbsp;Musikhochschule L\u00fcbeck.&nbsp;Parallel&nbsp;1981 Beginn mit dem Medzinstudium an der Christian-Albrechts-Universit\u00e4t Kiel, sp\u00e4ter&nbsp;an der&nbsp;MAYO-Clinic in Rochester\/Minnesota, USA&nbsp;und&nbsp;Z\u00fcrich, Schweiz.&nbsp;Approbation&nbsp;1988&nbsp;in Kiel. Promotion 1989,1989-1990 Assistent am Pathologischen Institut der Universit\u00e4t W\u00fcrzburg, danach Beginn der Chirurgischen Ausbildung&nbsp;(Universit\u00e4t&nbsp;Marburg). 1991 erneuter Wechsel nach W\u00fcrzburg an die&nbsp;Chirurgische Universit\u00e4tsklinik.&nbsp;2003-2009&nbsp;Chefarzt Abteilung Allgemein-, Gef\u00e4\u00df- und Visceralchirurgie, seit 2005 Direktor der Chirurgischen Klinik&nbsp;an der Asklepios KlinikHarburg.&nbsp;Seit 1.10.2009 Direktor der Klinik und Poliklinik f\u00fcr Gef\u00e4\u00dfmedizin am Universit\u00e4ren Herzzentrum des Universit\u00e4tsklinikums Hamburg-Eppendorf&nbsp;und Ordinarius f\u00fcr Gef\u00e4\u00dfchirurgie.<\/p>\n\n\n\n<hr class=\"wp-block-separator is-style-wide\"\/>\n\n\n\n<figure class=\"wp-block-image\"><img loading=\"lazy\" decoding=\"async\" width=\"132\" height=\"199\" src=\"http:\/\/hermannrauhestiftung.de\/wp-content\/uploads\/2020\/03\/A.jpg\" alt=\"\" class=\"wp-image-377\"\/><\/figure>\n\n\n\n<p><strong>Sylvia Bell (mit Caja)<br><\/strong>Koordinatorin der \u201eFreikarte\u201c<\/p>\n\n\n\n<p>Sylvia Bell kommt aus dem Musikgesch\u00e4ft (Virgin Records) und hat viele Jahre Radio\/TV\/Presse Promotion f\u00fcr K\u00fcnstler wie Lenny Kravitz, Iggy Pop, Rolling Stones und Die Toten Hosen organisiert. Seit 2014 koordiniert sie alle Aktivit\u00e4ten der Hermann Rauhe Stiftung im Zusammenhang mit der \u201eFreikarte\u201c. Zu ihren Aufgaben geh\u00f6rt die Betreuung der beteiligten Kultureinrichtungen, sowie die Steuerung der Freikarten f\u00fcr die jeweiligen Erst- und Zweitsemester.&nbsp;Ausserdem&nbsp;erstellt sie die t\u00e4glichen Kulturtipps f\u00fcr die Studierenden auf der Website der \u201eFreikarte\u201c w\u00e4hrend des Aktionszeitraumes als auch in den anderen Monaten.<\/p>\n","protected":false},"excerpt":{"rendered":"<p>Prof. Dr. Dr. h.c. Hermann RauheNamensgeber und Vorstand der Hermann Rauhe Stiftung Prof. Dr. Dr. h.c. Hermann Rauhe studierte Musik und Musikp\u00e4dagogik an der Hochschule f\u00fcr Musik sowie Musik- und Literaturwissenschaft, Erziehungswissenschaft, Philosophie, Soziologie, Theologie und Phonetik an der Universit\u00e4t Hamburg. 1965 erhielt er eine Professur f\u00fcr Musikwissenschaft und Musikp\u00e4dagogik an der Hochschule f\u00fcr Musik &hellip;<\/p>\n<p class=\"read-more\"> <a class=\"\" href=\"https:\/\/hermannrauhestiftung.de\/?page_id=140\"> <span class=\"screen-reader-text\">Vorstand &#038; Kuratorium<\/span> Weiterlesen &raquo;<\/a><\/p>\n","protected":false},"author":1,"featured_media":0,"parent":0,"menu_order":0,"comment_status":"closed","ping_status":"closed","template":"","meta":{"footnotes":""},"class_list":["post-140","page","type-page","status-publish","hentry"],"_links":{"self":[{"href":"https:\/\/hermannrauhestiftung.de\/index.php?rest_route=\/wp\/v2\/pages\/140"}],"collection":[{"href":"https:\/\/hermannrauhestiftung.de\/index.php?rest_route=\/wp\/v2\/pages"}],"about":[{"href":"https:\/\/hermannrauhestiftung.de\/index.php?rest_route=\/wp\/v2\/types\/page"}],"author":[{"embeddable":true,"href":"https:\/\/hermannrauhestiftung.de\/index.php?rest_route=\/wp\/v2\/users\/1"}],"replies":[{"embeddable":true,"href":"https:\/\/hermannrauhestiftung.de\/index.php?rest_route=%2Fwp%2Fv2%2Fcomments&post=140"}],"version-history":[{"count":14,"href":"https:\/\/hermannrauhestiftung.de\/index.php?rest_route=\/wp\/v2\/pages\/140\/revisions"}],"predecessor-version":[{"id":430,"href":"https:\/\/hermannrauhestiftung.de\/index.php?rest_route=\/wp\/v2\/pages\/140\/revisions\/430"}],"wp:attachment":[{"href":"https:\/\/hermannrauhestiftung.de\/index.php?rest_route=%2Fwp%2Fv2%2Fmedia&parent=140"}],"curies":[{"name":"wp","href":"https:\/\/api.w.org\/{rel}","templated":true}]}}