{"id":103,"date":"2020-02-07T09:55:14","date_gmt":"2020-02-07T09:55:14","guid":{"rendered":"http:\/\/hermannrauhestiftung.de\/?page_id=103"},"modified":"2020-07-13T13:02:49","modified_gmt":"2020-07-13T13:02:49","slug":"aktuelles","status":"publish","type":"page","link":"https:\/\/hermannrauhestiftung.de\/","title":{"rendered":"Home"},"content":{"rendered":"\n<h3 class=\"wp-block-heading\">Die \u201cfreiKartE\u201d \u2013 Einmalig in Deutschland<\/h3>\n\n\n\n<figure class=\"wp-block-image is-resized\"><img loading=\"lazy\" decoding=\"async\" src=\"http:\/\/hermannrauhestiftung.de\/wp-content\/uploads\/2020\/03\/IMG_3007-Kopie-1024x768.jpg\" alt=\"\" class=\"wp-image-371\" width=\"973\" height=\"730\" srcset=\"https:\/\/hermannrauhestiftung.de\/wp-content\/uploads\/2020\/03\/IMG_3007-Kopie-1024x768.jpg 1024w, https:\/\/hermannrauhestiftung.de\/wp-content\/uploads\/2020\/03\/IMG_3007-Kopie-300x225.jpg 300w, https:\/\/hermannrauhestiftung.de\/wp-content\/uploads\/2020\/03\/IMG_3007-Kopie-768x576.jpg 768w\" sizes=\"(max-width: 973px) 100vw, 973px\" \/><\/figure>\n\n\n\n<p>Ein auf die Zukunft ausgerichtetes Kulturmanagement braucht Anregungen&nbsp;und Anst\u00f6\u00dfe.<\/p>\n\n\n\n<p>Das deutschlandweit einzigartige Projekt \u201eFreikarte\u201c wurde von der&nbsp;<strong>Hermann Rauhe Stiftung<\/strong>&nbsp;und einigen Studierenden der Hochschule f\u00fcr Musik und Theater Hamburg &nbsp;mit anf\u00e4nglicher Unterst\u00fctzung der ZEITStiftung im Jahr 2010 erstmalig umgesetzt.<\/p>\n\n\n\n<p>Weitere Unterst\u00fctzer waren von Anfang an die Allgemeinen Studierendenaussch\u00fcsse (Asten) der Universit\u00e4t Hamburg, der Hochschule f\u00fcr Angewandte Wissenschaften, weiteren Universit\u00e4ten und daneben eine Vielzahl Hamburger Kultureinrichtungen.<\/p>\n\n\n\n<p>Neben dem Studienausweis und dem Semesterticket f\u00fcr Busse und Bahnen erhielten erstmals zum Wintersemester 2010\/11 alle 16 000 Studienanf\u00e4nger eine dritte Karte zum Studienbeginn: Die &nbsp;\u201eFreikarte\u201c erm\u00f6glichte es ihnen, f\u00fcr 3 (heute 4) Monate&nbsp;alle teilnehmenden Kultureinrichtungen der Stadt unentgeltlich und so oft sie wollten zu besuchen. Daneben wurden eine eigene Website (<a href=\"http:\/\/www.meinefreikarte.de\/\">www.meinefreikarte.de<\/a>) sowie eine Facebookseite (<a href=\"http:\/\/www.facebook.de\/meinefreikarte\">www.facebook.de\/meinefreikarte<\/a>) zur Information der Studierenden eingerichtet.<\/p>\n\n\n\n<p>Im Jahre 2020 ist die \u201eFreikarte\u201c zum 10. Mal erschienen, wird mittlerweile an \u00fcber 22 000 Erst- und Zweitsemester (auch in L\u00fcneburg) verteilt und&nbsp;ist&nbsp;seit einem Jahr sogar &nbsp;4 Monate (Okt.- Jan.)&nbsp;g\u00fcltig.<\/p>\n\n\n\n<p>Mittlerweile beteiligen sich 21 Universit\u00e4ten, die besten 42 Hamburger Kultureinrichtungen&nbsp;.&nbsp;Die&nbsp;Hamburger Sparkasse&nbsp;hilft&nbsp;bei Einzelprojekten.<\/p>\n\n\n\n<hr class=\"wp-block-separator is-style-wide\"\/>\n\n\n\n<h3 class=\"wp-block-heading\">Hamburger Stifterpreis<\/h3>\n\n\n\n<h4 class=\"wp-block-heading\">Im November&nbsp;2012&nbsp;ist&nbsp;die Hermann Rauhe Stiftung die sechste Stiftung der&nbsp;Stadt, die unter den \u00fcber 1400 Stiftungen in Hamburg mit dem&nbsp;<strong>Hamburger Stifterpreis f\u00fcr die Freikarte 2012 <\/strong>ausgezeichnet wird. Der damalige 1. B\u00fcrgermeister Scholz \u00fcberreicht die hohe Auszeichnung der Stiftung pers\u00f6nlich im Rahmen eines gro\u00dfen Festaktes im Rathaus mit \u00fcber 900 G\u00e4sten.<\/h4>\n\n\n\n<h4 class=\"wp-block-heading\">Heute ist die \u201eFreikarte\u201c das gr\u00f6\u00dfte operative Projekt der Hermann Rauhe Stiftung.<\/h4>\n\n\n\n<hr class=\"wp-block-separator is-style-wide\"\/>\n\n\n\n<figure class=\"wp-block-image\"><img loading=\"lazy\" decoding=\"async\" width=\"1024\" height=\"709\" src=\"http:\/\/hermannrauhestiftung.de\/wp-content\/uploads\/2020\/07\/1-1024x709.jpg\" alt=\"\" class=\"wp-image-445\" srcset=\"https:\/\/hermannrauhestiftung.de\/wp-content\/uploads\/2020\/07\/1.jpg 1024w, https:\/\/hermannrauhestiftung.de\/wp-content\/uploads\/2020\/07\/1-300x208.jpg 300w, https:\/\/hermannrauhestiftung.de\/wp-content\/uploads\/2020\/07\/1-768x532.jpg 768w\" sizes=\"(max-width: 1024px) 100vw, 1024px\" \/><\/figure>\n\n\n\n<figure class=\"wp-block-image\"><img loading=\"lazy\" decoding=\"async\" width=\"1024\" height=\"824\" src=\"http:\/\/hermannrauhestiftung.de\/wp-content\/uploads\/2020\/07\/2-1024x824.jpg\" alt=\"\" class=\"wp-image-446\" srcset=\"https:\/\/hermannrauhestiftung.de\/wp-content\/uploads\/2020\/07\/2.jpg 1024w, https:\/\/hermannrauhestiftung.de\/wp-content\/uploads\/2020\/07\/2-300x241.jpg 300w, https:\/\/hermannrauhestiftung.de\/wp-content\/uploads\/2020\/07\/2-768x618.jpg 768w\" sizes=\"(max-width: 1024px) 100vw, 1024px\" \/><\/figure>\n","protected":false},"excerpt":{"rendered":"<p>Die \u201cfreiKartE\u201d \u2013 Einmalig in Deutschland Ein auf die Zukunft ausgerichtetes Kulturmanagement braucht Anregungen&nbsp;und Anst\u00f6\u00dfe. Das deutschlandweit einzigartige Projekt \u201eFreikarte\u201c wurde von der&nbsp;Hermann Rauhe Stiftung&nbsp;und einigen Studierenden der Hochschule f\u00fcr Musik und Theater Hamburg &nbsp;mit anf\u00e4nglicher Unterst\u00fctzung der ZEITStiftung im Jahr 2010 erstmalig umgesetzt. Weitere Unterst\u00fctzer waren von Anfang an die Allgemeinen Studierendenaussch\u00fcsse (Asten) der &hellip;<\/p>\n<p class=\"read-more\"> <a class=\"\" href=\"https:\/\/hermannrauhestiftung.de\/\"> <span class=\"screen-reader-text\">Home<\/span> Weiterlesen &raquo;<\/a><\/p>\n","protected":false},"author":1,"featured_media":0,"parent":0,"menu_order":0,"comment_status":"closed","ping_status":"closed","template":"","meta":{"footnotes":""},"class_list":["post-103","page","type-page","status-publish","hentry"],"_links":{"self":[{"href":"https:\/\/hermannrauhestiftung.de\/index.php?rest_route=\/wp\/v2\/pages\/103"}],"collection":[{"href":"https:\/\/hermannrauhestiftung.de\/index.php?rest_route=\/wp\/v2\/pages"}],"about":[{"href":"https:\/\/hermannrauhestiftung.de\/index.php?rest_route=\/wp\/v2\/types\/page"}],"author":[{"embeddable":true,"href":"https:\/\/hermannrauhestiftung.de\/index.php?rest_route=\/wp\/v2\/users\/1"}],"replies":[{"embeddable":true,"href":"https:\/\/hermannrauhestiftung.de\/index.php?rest_route=%2Fwp%2Fv2%2Fcomments&post=103"}],"version-history":[{"count":17,"href":"https:\/\/hermannrauhestiftung.de\/index.php?rest_route=\/wp\/v2\/pages\/103\/revisions"}],"predecessor-version":[{"id":448,"href":"https:\/\/hermannrauhestiftung.de\/index.php?rest_route=\/wp\/v2\/pages\/103\/revisions\/448"}],"wp:attachment":[{"href":"https:\/\/hermannrauhestiftung.de\/index.php?rest_route=%2Fwp%2Fv2%2Fmedia&parent=103"}],"curies":[{"name":"wp","href":"https:\/\/api.w.org\/{rel}","templated":true}]}}